{"id":709,"date":"2014-06-23T12:02:57","date_gmt":"2014-06-23T12:02:57","guid":{"rendered":"http:\/\/elektro-mont.hr\/hr\/?page_id=709"},"modified":"2014-10-31T09:40:16","modified_gmt":"2014-10-31T09:40:16","slug":"elektromontaza","status":"publish","type":"page","link":"https:\/\/elektro-mont.hr\/hr\/usluge\/elektromontaza\/","title":{"rendered":"Elektromonta\u017ea"},"content":{"rendered":"<div class=\"tf-flash-messages\"><\/div>\n<p>Prilikom izvo\u0111enja elektroinstalacija, prioritet nam je kvaliteta izvo\u0111enja radova. Va\u0161u investiciju kroz cijeli proces nastajanja prati iskusan tim od planiranja pa do zavr\u0161nih radova.<\/p>\n<p><strong>Odjel elektroinstalacija prati iskusan tim in\u017eenjera i tehni\u010dara, koji svojim iskustvom pridonose kvaliteti izrade cijelog projekta.<\/strong><br \/>\n<img loading=\"lazy\" src=\"http:\/\/elektro-mont.hr\/hr\/wp-content\/uploads\/Elektromontaza.jpg\" width=\"600\" height=\"303\" class=\"alignnone\" \/><br \/>\nNa\u0161i izvedeni radovi odlikuju se osim kvalitete i po\u0161tivanjem zadanih rokova koji su Vam bitni za nastavak radova.<\/p>\n<p>Koristimo profesionalnu opremu i alate renomiranih proizvo\u0111a\u010da, a na\u0161 vozni park u potpunosti mo\u017ee zadovoljiti sve Va\u0161e potrebe.<\/p>\n","protected":false},"excerpt":{"rendered":"<p>Prilikom izvo\u0111enja elektroinstalacija, prioritet nam je kvaliteta izvo\u0111enja radova. Va\u0161u investiciju kroz cijeli proces nastajanja prati iskusan tim od planiranja pa do zavr\u0161nih radova. Odjel elektroinstalacija prati iskusan tim in\u017eenjera i tehni\u010dara, koji svojim iskustvom pridonose kvaliteti izrade cijelog projekta. Na\u0161i izvedeni radovi odlikuju se osim kvalitete i po\u0161tivanjem zadanih rokova koji su Vam bitni.<\/p>\n","protected":false},"author":1,"featured_media":0,"parent":707,"menu_order":0,"comment_status":"open","ping_status":"open","template":"","meta":[],"_links":{"self":[{"href":"https:\/\/elektro-mont.hr\/hr\/wp-json\/wp\/v2\/pages\/709"}],"collection":[{"href":"https:\/\/elektro-mont.hr\/hr\/wp-json\/wp\/v2\/pages"}],"about":[{"href":"https:\/\/elektro-mont.hr\/hr\/wp-json\/wp\/v2\/types\/page"}],"author":[{"embeddable":true,"href":"https:\/\/elektro-mont.hr\/hr\/wp-json\/wp\/v2\/users\/1"}],"replies":[{"embeddable":true,"href":"https:\/\/elektro-mont.hr\/hr\/wp-json\/wp\/v2\/comments?post=709"}],"version-history":[{"count":9,"href":"https:\/\/elektro-mont.hr\/hr\/wp-json\/wp\/v2\/pages\/709\/revisions"}],"predecessor-version":[{"id":1012,"href":"https:\/\/elektro-mont.hr\/hr\/wp-json\/wp\/v2\/pages\/709\/revisions\/1012"}],"up":[{"embeddable":true,"href":"https:\/\/elektro-mont.hr\/hr\/wp-json\/wp\/v2\/pages\/707"}],"wp:attachment":[{"href":"https:\/\/elektro-mont.hr\/hr\/wp-json\/wp\/v2\/media?parent=709"}],"curies":[{"name":"wp","href":"https:\/\/api.w.org\/{rel}","templated":true}]}}