{"id":681,"date":"2014-06-23T11:45:27","date_gmt":"2014-06-23T11:45:27","guid":{"rendered":"http:\/\/elektro-mont.hr\/hr\/?page_id=681"},"modified":"2014-10-29T08:27:32","modified_gmt":"2014-10-29T08:27:32","slug":"o-nama","status":"publish","type":"page","link":"https:\/\/elektro-mont.hr\/hr\/o-nama\/","title":{"rendered":"O nama"},"content":{"rendered":"<div class=\"tf-flash-messages\"><\/div>\n<p style=\"text-align: justify;\"><strong>ELEKTRO-MONT<\/strong> d.o.o. osnovan je 2007. godine u \u0110akovu kao subjekt za pru\u017eanje specijaliziranih usluga , elektromonta\u017eu, izradu \u010deli\u010dnih konstrukcija i gra\u0111evinarstvo . Od dana osnutka cilj je na tr\u017ei\u0161te plasirati usluge i proizvode koji se prije svega kvalitetom i pristupom razlikuju od konkurencije i prepoznatljivi su na tr\u017ei\u0161tu.<\/p>\n<p style=\"text-align: justify;\"><strong>\u017delimo postati Va\u0161 partner ukoliko imate potrebe za specijaliziranim uslugama, elektromonta\u017eu, izradu ili obradu proizvoda od \u010delika i u gra\u0111evinarstvu<\/strong>. Na\u0161 zadatak je olak\u0161ati Vam potragu za kvalitetnom uslugom i proizvodom. Samo kvalitetom mo\u017eemo biti konkurentni, \u017eelimo i ho\u0107emo biti pouzdan partner oslanjaju\u0107i se na kvalitetne proizvode, brzu uslugu i konkurentne cijene. Samo sinergijom mo\u017eemo ostvarivati vrijedne rezultate.<\/p>\n<p style=\"text-align: justify;\"><strong>Individualan pristup klijentima smatramo kao osnovu poslovanja i kvalitetnog pozicioniranja na tr\u017ei\u0161tu, te pronala\u017eenju rje\u0161enja kako bi se ostvarile \u017eelje i jedinstvene potrebe klijenata<\/strong>. Veliko povjerenje ukazano od strane na\u0161ih dobavlja\u010da i klijenata opravdavamo svakodnevnim napornim radom i konstantnim unapre\u0111enjem poslovanja. Iz tog razloga na\u0161a misija je biti pouzdan i dugoro\u010dan partner svim na\u0161im klijentima u izgradnji njihovog uspjeha \u2013 iskustvo, ideje, upornost i znanje nas vode do zajedni\u010dkog cilja.<\/p>\n<p style=\"text-align: justify;\">S po\u0161tovanjem,<\/p>\n<p style=\"text-align: justify;\">Elektro-Mont d.o.o. Tim<\/p>\n","protected":false},"excerpt":{"rendered":"<p>ELEKTRO-MONT d.o.o. osnovan je 2007. godine u \u0110akovu kao subjekt za pru\u017eanje specijaliziranih usluga , elektromonta\u017eu, izradu \u010deli\u010dnih konstrukcija i gra\u0111evinarstvo . Od dana osnutka cilj je na tr\u017ei\u0161te plasirati usluge i proizvode koji se prije svega kvalitetom i pristupom razlikuju od konkurencije i prepoznatljivi su na tr\u017ei\u0161tu. \u017delimo postati Va\u0161 partner ukoliko imate potrebe.<\/p>\n","protected":false},"author":1,"featured_media":0,"parent":0,"menu_order":0,"comment_status":"open","ping_status":"open","template":"","meta":[],"_links":{"self":[{"href":"https:\/\/elektro-mont.hr\/hr\/wp-json\/wp\/v2\/pages\/681"}],"collection":[{"href":"https:\/\/elektro-mont.hr\/hr\/wp-json\/wp\/v2\/pages"}],"about":[{"href":"https:\/\/elektro-mont.hr\/hr\/wp-json\/wp\/v2\/types\/page"}],"author":[{"embeddable":true,"href":"https:\/\/elektro-mont.hr\/hr\/wp-json\/wp\/v2\/users\/1"}],"replies":[{"embeddable":true,"href":"https:\/\/elektro-mont.hr\/hr\/wp-json\/wp\/v2\/comments?post=681"}],"version-history":[{"count":5,"href":"https:\/\/elektro-mont.hr\/hr\/wp-json\/wp\/v2\/pages\/681\/revisions"}],"predecessor-version":[{"id":945,"href":"https:\/\/elektro-mont.hr\/hr\/wp-json\/wp\/v2\/pages\/681\/revisions\/945"}],"wp:attachment":[{"href":"https:\/\/elektro-mont.hr\/hr\/wp-json\/wp\/v2\/media?parent=681"}],"curies":[{"name":"wp","href":"https:\/\/api.w.org\/{rel}","templated":true}]}}