{"id":184,"date":"2014-06-06T11:05:51","date_gmt":"2014-06-06T11:05:51","guid":{"rendered":"http:\/\/localhost\/the_practice\/?page_id=184"},"modified":"2018-07-09T15:50:59","modified_gmt":"2018-07-09T15:50:59","slug":"naslovna","status":"publish","type":"page","link":"https:\/\/elektro-mont.hr\/hr\/","title":{"rendered":"Naslovna"},"content":{"rendered":"<div class=\"tf-flash-messages\"><\/div>\n<div class=\"row\"><div class=\"col col_2_5 \"><div class=\"inner\">\r\n    <!-- text slider -->\r\n    <div id=\"text_slider477\" class=\"slideshow slideText\">\r\n        <div class=\"slides_container\">\r\n        <div class=\"slide\"><h3>Specijalizirani smo za:<\/h3><p>Izrada elektri\u010dnih instalacija u industrijskim, poslovnim i stambenim objektima, Izrada gromobranskih instalacija, Elektromonta\u017eni radovi, Ispitivanje instalacija.<\/p><a href=\"#\" class=\"link-more\">PRO\u010cITAJ VI\u0160E<\/a><\/div><div class=\"slide\"><h3>Antenski stup FM 37<\/h3><p>Pokretni antenski stup elektroni\u010dke komunikacijske infrastrukture mobilnih operatera. Ovaj stup s prethodno navedenim karakteristikama, zadovoljava za vi\u0161e operator, uz potrebna rezervna polja... <\/p><a href=\"http:\/\/elektro-mont.hr\/hr\/antenski-stup-fm-37\/\" class=\"link-more\">PRO\u010cITAJ VI\u0160E<\/a><\/div><div class=\"slide\"><h3>Strojna obrada<\/h3><p>Strojna obrada se mo\u017ee podijeliti na strojnu obradu odvajanjem \u010destica i na strojnu obradu bez odvajanja \u010destica. Strojna obrada odvajanjem \u010destica se obavlja na alatnom stroju s unaprijed odre\u0111enim alatima.<\/p><a href=\"http:\/\/elektro-mont.hr\/hr\/usluge\/strojarstvo\/strojna-obrada\/\" class=\"link-more\">PRO\u010cITAJ VI\u0160E<\/a><\/div>\r\n        <\/div>\r\n    <\/div>\r\n    <script language=\"javascript\" type=\"text\/javascript\">\r\n       jQuery(document).ready(function($){\r\n            jQuery(\"#text_slider477\").slides({\r\n                effect: \"fade\",\r\n                fadeSpeed: 100,\r\n                play: 10000,\r\n                pause: 10000,\r\n                hoverPause: true,\r\n                autoHeight: true\r\n                });\r\n        });\r\n    <\/script>\r\n    <!--\/ text slider --><\/div><\/div><div class=\"col col_1_5 \"><div class=\"inner\"><div class=\"wp-caption alignnone\"><a href=\"http:\/\/elektro-mont.hr\/hr\/telekomunikacija\/\" target=\"_self\"><img src=\"http:\/\/elektro-mont.hr\/hr\/wp-content\/uploads\/Home_1.jpg\" alt=\"Telekomunikacija\" width=\"158\" height=\"126\" ><\/a><p class=\"wp-caption-text\">Telekomunikacija<\/p><\/div><\/div><\/div><div class=\"col col_1_5 \"><div class=\"inner\"><div class=\"wp-caption alignnone\"><a href=\"http:\/\/elektro-mont.hr\/hr\/usluge\/strojarstvo\/strojna-obrada\/\" target=\"_self\"><img src=\"http:\/\/elektro-mont.hr\/hr\/wp-content\/uploads\/Home_2.jpg\" alt=\"Strojna obrada\" width=\"158\" height=\"126\" ><\/a><p class=\"wp-caption-text\">Strojna obrada<\/p><\/div><\/div><\/div><div class=\"col col_1_5 \"><div class=\"inner\"><div class=\"wp-caption alignnone\"><a href=\"http:\/\/elektro-mont.hr\/hr\/usluge\/gradevinarstvo\/\" target=\"_self\"><img src=\"http:\/\/elektro-mont.hr\/hr\/wp-content\/uploads\/Home_3.jpg\" alt=\"Gra\u0111evinarstvo\" width=\"158\" height=\"126\" ><\/a><p class=\"wp-caption-text\">Gra\u0111evinarstvo<\/p><\/div><\/div><\/div><\/div><div class=\"clear\"><\/div><!-- 2\/5 + 3 x 1\/5 columns --><div class=\"divider_space\"><\/div><!-- latest news line --><div class=\"newsline\"><h2><a href=\"http:\/\/twitter.com\/#!\/ElektroMont\" onmouseover=\"this.style.color = '#fff'\">Zadnje objave<\/a><\/h2><ul id=\"twitterlist166\" class=\"jcarousel-skin-newsline\"><\/ul><\/div><script type=\"text\/javascript\">\n    jQuery(document).ready(function($) {\n        jQuery(\"#twitterlist166\").jcarousel({\n            vertical: true,\n            scroll: 1,\n            animation: 300,\n            auto: 5, \/\/ Time interval in sec.\n            wrap: \"circular\",\n            initCallback: mycarousel_initCallback\n        });\n    });\n    <\/script>\n<!--\/ latest news line --><div class=\"divider_space\"><\/div><!--  postlist \/ 1 article --><div class=\"postlist\"><article>\n\t                \t<figure class=\"image_frame\" style=\"padding: 0 0;\">\n\t                        <a href=\"https:\/\/elektro-mont.hr\/hr\/all-cases-list\/elektro-mont-d-o-o\/\"><img src=\"http:\/\/elektro-mont.hr\/hr\/wp-content\/uploads\/Elektro_index.jpg\" alt=\"\"><\/a>\n\t                        <figcaption>Elektro-Mont d.o.o.<\/figcaption>\n\t\t\t\t\t\t<\/figure>\n\n\t                    <section class=\"summary\">\n\t\t                    <h1><a href=\"https:\/\/elektro-mont.hr\/hr\/all-cases-list\/elektro-mont-d-o-o\/\">Elektro-Mont d.o.o.<\/a><\/h1><p>ELEKTRO-MONT d.o.o. osnovan je 2007. godine u \u0110akovu kao subjekt za pru\u017eanje specijaliziranih usluga , elektromonta\u017eu, izradu \u010deli\u010dnih konstrukcija i gra\u0111evinarstvo.<\/p>\n<p> Od dana osnutka cilj je na tr\u017ei\u0161te plasirati usluge i proizvode koji se prije svega kvalitetom i pristupom razlikuju od konkurencije i prepoznatljivi su na tr\u017ei\u0161tu.<\/p>\n\n\t                        <div class=\"post-meta\"><a style=\"font-family: 'Lato', Arial, Helvetica, sans-serif;\"; href=\"https:\/\/elektro-mont.hr\/hr\/all-cases-list\/elektro-mont-d-o-o\/\" class=\"link-more alignleft\">Pro\u010ditaj vi\u0161e<\/a><\/div>\n\t                  <\/section>\n\n\t                    <section class=\"aside\">\n\t\t                    <h2 style=\"font-weight:normal; line-height: normal;\">Partnerstvo:<\/h2>\n\t\t                    <p>Ukoliko imate potrebe za na\u0161im uslugama \u017eelimo postati Va\u0161 partner.<\/p>\n\n\t                        <h2 style=\"font-weight:normal; line-height: normal;\">Individualni pristup:<\/h2>\n\t\t                    <p>Individualni pristup svakom klijentu.<\/p>\n\t\t                <\/section>\n\t                    <div class=\"clear\"><\/div>\n\t                <\/article><\/div><!--\/  postlist \/ 1 article -->\r\n<div class=\"row\"><div class=\"col col_3_5 \"><div class=\"inner\">\r\n<h3>Antenski stup FM 37:<\/h3>\r\n<div class=\"quoteBox\"><div class=\"inner\"><div class=\"quote-text\"><strong>Antenski stup FM 37<\/strong>     s prethodno navedenim karakteristikama, zadovoljava za vi\u0161e operatora, uz potrebna rezervna polja. Rezultat su razli\u010dite konfiguracije antena, po broju i vrsti antena, prema dosada\u0161njim i budu\u0107im potrebama ponatih i eventualno budu\u0107ih operatora.\r\nTipski antenski stup mo\u017ee se koristiti kao jedinstvena cjelina na razli\u010ditim lokacijama i za vi\u0161e operatora. <\/div><div class=\"quote-author\">TELE-PROJEKT d.o.o.<\/div><\/div><\/div><\/div><\/div><div class=\"col col_2_5 \"><div class=\"inner\">\n    <div class=\"widget-container newsletter_subscription_box newsletterBox\">\n    <div class=\"inner\">\n        <h3>Prijavi se na Newsletter:<\/h3>\n\n        <div class=\"newsletter_subscription_messages before-text\">\n\n            <div class=\"newsletter_subscription_message_success\">Thank you for your subscription.<\/div>\n            <div class=\"newsletter_subscription_message_wrong_email\">Your email format is wrong!<\/div>\n            <div class=\"newsletter_subscription_message_failed\">Sad, but we couldn't add you to our mailing list ATM.<\/div>\n        <\/div>\n\n        <form action=\"#\" method=\"post\" class=\"newsletter_subscription_form\">\n            <label>Unesite Va\u0161u Email adresu:<\/label><br>\n            <input type=\"text\" value=\"\" name=\"newsletter\" class=\"newsletter_subscription_email inputField\" \/>\n            <input type=\"submit\" value=\"PRIJAVI SE\" class=\"btn-arrow newsletter_subscription_submit\" \/><div class=\"clear\"><\/div><\/form><div class=\"newsletter_subscription_ajax\">Loading...<\/div><\/div><\/div><\/div><\/div>\r\n<\/div>","protected":false},"excerpt":{"rendered":"","protected":false},"author":1,"featured_media":0,"parent":0,"menu_order":0,"comment_status":"open","ping_status":"open","template":"","meta":[],"_links":{"self":[{"href":"https:\/\/elektro-mont.hr\/hr\/wp-json\/wp\/v2\/pages\/184"}],"collection":[{"href":"https:\/\/elektro-mont.hr\/hr\/wp-json\/wp\/v2\/pages"}],"about":[{"href":"https:\/\/elektro-mont.hr\/hr\/wp-json\/wp\/v2\/types\/page"}],"author":[{"embeddable":true,"href":"https:\/\/elektro-mont.hr\/hr\/wp-json\/wp\/v2\/users\/1"}],"replies":[{"embeddable":true,"href":"https:\/\/elektro-mont.hr\/hr\/wp-json\/wp\/v2\/comments?post=184"}],"version-history":[{"count":30,"href":"https:\/\/elektro-mont.hr\/hr\/wp-json\/wp\/v2\/pages\/184\/revisions"}],"predecessor-version":[{"id":858,"href":"https:\/\/elektro-mont.hr\/hr\/wp-json\/wp\/v2\/pages\/184\/revisions\/858"}],"wp:attachment":[{"href":"https:\/\/elektro-mont.hr\/hr\/wp-json\/wp\/v2\/media?parent=184"}],"curies":[{"name":"wp","href":"https:\/\/api.w.org\/{rel}","templated":true}]}}