{"id":830,"date":"2014-10-24T15:29:49","date_gmt":"2014-10-24T15:29:49","guid":{"rendered":"http:\/\/elektro-mont.hr\/hr\/?page_id=830"},"modified":"2014-11-27T11:36:16","modified_gmt":"2014-11-27T11:36:16","slug":"antenski-stup-fm-37","status":"publish","type":"page","link":"http:\/\/elektro-mont.hr\/hr\/antenski-stup-fm-37\/","title":{"rendered":"Na\u0161 proizvod &#8211; Antenski stup FM 37 (FAST MAST 37)"},"content":{"rendered":"<div class=\"tf-flash-messages\"><\/div>\n<p><strong>POKRETNI ANTENSKI STUP ELEKTRONI\u010cKE KOMUNIKACIJSKE INFRASTRUKTURE MOBILNIH OPERATORA<\/strong><\/p>\n<p><a href=\"http:\/\/elektro-mont.hr\/hr\/wp-content\/uploads\/FM37-osnovno.jpg\"><img loading=\"lazy\" class=\"alignleft wp-image-831 \" src=\"http:\/\/elektro-mont.hr\/hr\/wp-content\/uploads\/FM37-osnovno-426x1024.jpg\" alt=\"FM37-osnovno\" width=\"235\" height=\"576\" \/><\/a><strong>NARU\u010cITELJ<\/strong>: Elektro-mont d.o.o., sva prava pridr\u017eana<\/p>\n<p><strong>PROJEKT IZRADIO<\/strong>: TELE-PROJEKT d.o.o.<\/p>\n<p><strong>SPECIFIKACIJE<\/strong>:<\/p>\n<p><strong>Visina:<\/strong> h= 37,00 m<br \/>\n<strong>Brutto tlocrtna povr\u0161ina stupa sa temeljima<\/strong>: 43,50 m\u00b2<br \/>\n<strong>Volumen stupa<\/strong>: 292,00 m\u00b3<br \/>\n<strong>Vjetar<\/strong>: Vbo = 35m\/s bez leda<br \/>\n<strong>Vjetar<\/strong>: Vbo = 30 m\/s s ledom<br \/>\n<strong>Vjetar<\/strong>: Vbo = 25 m\/s s ledom<\/p>\n<p><strong>KOMENTAR:<\/strong><\/p>\n<p style=\"text-align: justify;\"><strong>\u00a0<\/strong>U pogledu konstrukcije, tipski antenski stup FM37 predstavlja gra\u0111evinu koja se saastoji od prostorne trobridne \u010deli\u010dnore\u0161etkaste konstrukcije-jarbola, \u010deli\u010dne konstrukcije stabilizatora, temeljne \u010deli\u010dne konstrukcije, \u010deli\u010dne u\u017eadi (sidra) s priborom i betonskih greda \u2013 balasta.<\/p>\n<ul style=\"text-align: justify;\">\n<li>U pogledu klimatskih uvjeta ovaj stup primjenjiv je za podru\u010dja s osnovnom brzinom vjetra (PREMA hrn en 1991, DIO 1-4 : Op\u0107a djelovanja \u2013 Djelovanje vjetra) i za lokacije s II. Kategorijom hrapavosti terena:<\/li>\n<\/ul>\n<p>o\u00a0\u00a0 35 m\/s bez leda<br \/>\no\u00a0\u00a0 30 m\/s s ledom<br \/>\no\u00a0\u00a0 25 m\/s s ledom<\/p>\n<p style=\"text-align: justify;\">Prigodom primjene na aktualnoj lokaciji, projek lokacije mora voditi ra\u010duna o stvarnoj kategoriji hrapavosti terena, o orografiji i ostalim uvjetima mikrolokacije.<\/p>\n<ul style=\"text-align: justify;\">\n<li>Ovaj stup s prethodno navedenim karakteristikama, zadovoljava za vi\u0161e operatora, uz potrebna rezervna polja. Rezultat su razli\u010dite konfiguracije antena, po broju i vrsti antena, prema dosada\u0161njim i budu\u0107im potrebama ponatih i eventualno budu\u0107ih operatora.<\/li>\n<\/ul>\n<p style=\"text-align: justify;\">Dakle, tipski antenski stup mo\u017ee se koristiti kao jedinstvena cjelina (bez ikakvih izmjena i dorada) na razli\u010ditim lokacijama i za vi\u0161e operatora.<\/p>\n<p style=\"text-align: justify;\">TELE-PROJEKT d.o.o.<\/p>\n<p style=\"text-align: justify;\"><strong>NAMJENA STUPA:<\/strong><\/p>\n<p style=\"text-align: justify;\">Antenski stup FM 37 ima temeljnu namjenu prihvata i no\u0161enja antena za sustave elektroni\u010dke komunikacije ( GSM, UMTS, DCS, i LTE), odnosno antena i ure\u0111aja radio i ostalih veza, te da uz druga prate\u0107a optere\u0107enja ( vjetar, led, snijeg, i opremu ) zadovolji zahtjevima mehani\u010dke otpornosti i stabilnosti, uz propisanu sigurnost za potrebe jednog ili vi\u0161e operatora.<\/p>\n<p style=\"text-align: justify;\"><strong>UPORABE GRA\u0110EVINE I UVJETI ZA OD\u017dAVANJE:<\/strong><\/p>\n<p style=\"text-align: justify;\">Stup FM 37, zbog svoje pogodnosti za premje\u0161tanje s lokacije na lokaciju, bez gra\u0111evinskih zahvata u sam teren, po svom karakteru spada u privremene gra\u0111evine.<\/p>\n<p style=\"text-align: justify;\">Uz redovito odr\u017eavanje prema propisanim uvjetima mo\u017ee imati vijek uporabe do 25 godina.<\/p>\n<p style=\"text-align: justify;\">Odr\u017eavanje antenskih stupova provodi se sukladno Zakonu o elektroni\u010dkim komunikacijama (NN br. 73\/08, 90\/11, 133\/12 i 80\/13.) i Tehni\u010dkom propisu za \u010deli\u010dne konstrukcije (NN br. 112\/08, 125\/10, 73\/12, i 136\/12.)<\/p>\n<p style=\"text-align: justify;\"><strong>SEIZMI\u010cKA OTPORNOST GRA\u0110EVINE<\/strong><\/p>\n<p style=\"text-align: justify;\">Ovakav tip \u010deli\u010dne konstrukcije predstavlja trokutnu prostornu re\u0161etku, ravne konture, \u010dija je masa jednoliko raspore\u0111ena po visini stupa, a masa antena na vrhu stupa vrlo mala u odnosu na masu stupa, to je seizmi\u010dki logi\u010dno da \u0107e ukupna sila usljed potresnog djelovanja biti ispod kriti\u010dne vrijednosti.<\/p>\n<p>&nbsp;<\/p>\n<p>&nbsp;<\/p>\n","protected":false},"excerpt":{"rendered":"<p>POKRETNI ANTENSKI STUP ELEKTRONI\u010cKE KOMUNIKACIJSKE INFRASTRUKTURE MOBILNIH OPERATORA NARU\u010cITELJ: Elektro-mont d.o.o., sva prava pridr\u017eana PROJEKT IZRADIO: TELE-PROJEKT d.o.o. SPECIFIKACIJE: Visina: h= 37,00 m Brutto tlocrtna povr\u0161ina stupa sa temeljima: 43,50 m\u00b2 Volumen stupa: 292,00 m\u00b3 Vjetar: Vbo = 35m\/s bez leda Vjetar: Vbo = 30 m\/s s ledom Vjetar: Vbo = 25 m\/s s ledom.<\/p>\n","protected":false},"author":1,"featured_media":0,"parent":0,"menu_order":0,"comment_status":"open","ping_status":"closed","template":"","meta":[],"_links":{"self":[{"href":"http:\/\/elektro-mont.hr\/hr\/wp-json\/wp\/v2\/pages\/830"}],"collection":[{"href":"http:\/\/elektro-mont.hr\/hr\/wp-json\/wp\/v2\/pages"}],"about":[{"href":"http:\/\/elektro-mont.hr\/hr\/wp-json\/wp\/v2\/types\/page"}],"author":[{"embeddable":true,"href":"http:\/\/elektro-mont.hr\/hr\/wp-json\/wp\/v2\/users\/1"}],"replies":[{"embeddable":true,"href":"http:\/\/elektro-mont.hr\/hr\/wp-json\/wp\/v2\/comments?post=830"}],"version-history":[{"count":23,"href":"http:\/\/elektro-mont.hr\/hr\/wp-json\/wp\/v2\/pages\/830\/revisions"}],"predecessor-version":[{"id":1068,"href":"http:\/\/elektro-mont.hr\/hr\/wp-json\/wp\/v2\/pages\/830\/revisions\/1068"}],"wp:attachment":[{"href":"http:\/\/elektro-mont.hr\/hr\/wp-json\/wp\/v2\/media?parent=830"}],"curies":[{"name":"wp","href":"https:\/\/api.w.org\/{rel}","templated":true}]}}