{"id":824,"date":"2014-10-24T15:13:22","date_gmt":"2014-10-24T15:13:22","guid":{"rendered":"http:\/\/elektro-mont.hr\/hr\/?page_id=824"},"modified":"2014-10-25T07:32:42","modified_gmt":"2014-10-25T07:32:42","slug":"telekomunikacija","status":"publish","type":"page","link":"http:\/\/elektro-mont.hr\/hr\/telekomunikacija\/","title":{"rendered":"Telekomunikacija"},"content":{"rendered":"<div class=\"tf-flash-messages\"><\/div>\n<p style=\"text-align: justify;\">Dana\u0161nji \u017eivot je gotovo nezamisliv bez telekomunikacije, odnosno komunikacije na daljinu. Mobilni ure\u0111aji koji koriste modernu tehnologiju su neizbje\u017ean dio na\u0161e svakodnevice. Internet kao usluga postala je jedan od glavnih generatora razvoja i napretka.<\/p>\n<p style=\"text-align: justify;\">Budu\u0107i da posjedujemo veliko iskustvo u pru\u017eanju usluga teleoperaterima u Hrvatskoj, sa zadovoljstvom mo\u017eemo konstatirati da kao pouzdan izvo\u0111a\u010d mo\u017eemo ponuditi na\u0161e usluge.<\/p>\n<p><a href=\"http:\/\/elektro-mont.hr\/hr\/wp-content\/uploads\/Slide_1.jpg\"><img loading=\"lazy\" class=\"alignleft size-full wp-image-627\" src=\"http:\/\/elektro-mont.hr\/hr\/wp-content\/uploads\/Slide_1.jpg\" alt=\"Slide_1\" width=\"870\" height=\"440\" srcset=\"http:\/\/elektro-mont.hr\/hr\/wp-content\/uploads\/Slide_1.jpg 870w, http:\/\/elektro-mont.hr\/hr\/wp-content\/uploads\/Slide_1-300x151.jpg 300w\" sizes=\"(max-width: 870px) 100vw, 870px\" \/><\/a><\/p>\n<p style=\"text-align: justify;\"><strong>Na\u0161 tim posebno obu\u010denih djelatnika spreman je u svakom trenutku odgovoriti na sve zahtjeve i prilagoditi se uvjetima na terenu.<\/strong><\/p>\n","protected":false},"excerpt":{"rendered":"<p>Dana\u0161nji \u017eivot je gotovo nezamisliv bez telekomunikacije, odnosno komunikacije na daljinu. Mobilni ure\u0111aji koji koriste modernu tehnologiju su neizbje\u017ean dio na\u0161e svakodnevice. Internet kao usluga postala je jedan od glavnih generatora razvoja i napretka. Budu\u0107i da posjedujemo veliko iskustvo u pru\u017eanju usluga teleoperaterima u Hrvatskoj, sa zadovoljstvom mo\u017eemo konstatirati da kao pouzdan izvo\u0111a\u010d mo\u017eemo ponuditi.<\/p>\n","protected":false},"author":1,"featured_media":0,"parent":0,"menu_order":0,"comment_status":"open","ping_status":"open","template":"","meta":[],"_links":{"self":[{"href":"http:\/\/elektro-mont.hr\/hr\/wp-json\/wp\/v2\/pages\/824"}],"collection":[{"href":"http:\/\/elektro-mont.hr\/hr\/wp-json\/wp\/v2\/pages"}],"about":[{"href":"http:\/\/elektro-mont.hr\/hr\/wp-json\/wp\/v2\/types\/page"}],"author":[{"embeddable":true,"href":"http:\/\/elektro-mont.hr\/hr\/wp-json\/wp\/v2\/users\/1"}],"replies":[{"embeddable":true,"href":"http:\/\/elektro-mont.hr\/hr\/wp-json\/wp\/v2\/comments?post=824"}],"version-history":[{"count":6,"href":"http:\/\/elektro-mont.hr\/hr\/wp-json\/wp\/v2\/pages\/824\/revisions"}],"predecessor-version":[{"id":880,"href":"http:\/\/elektro-mont.hr\/hr\/wp-json\/wp\/v2\/pages\/824\/revisions\/880"}],"wp:attachment":[{"href":"http:\/\/elektro-mont.hr\/hr\/wp-json\/wp\/v2\/media?parent=824"}],"curies":[{"name":"wp","href":"https:\/\/api.w.org\/{rel}","templated":true}]}}