{"id":715,"date":"2014-06-23T12:04:31","date_gmt":"2014-06-23T12:04:31","guid":{"rendered":"http:\/\/elektro-mont.hr\/hr\/?page_id=715"},"modified":"2014-10-28T16:39:11","modified_gmt":"2014-10-28T16:39:11","slug":"gradevinarstvo","status":"publish","type":"page","link":"http:\/\/elektro-mont.hr\/hr\/usluge\/gradevinarstvo\/","title":{"rendered":"Gra\u0111evina"},"content":{"rendered":"<div class=\"tf-flash-messages\"><\/div>\n<p style=\"text-align: justify;\">Budu\u0107i je svaka gra\u0111evina ostvarenje gra\u0111evinske tehnike koja zahtjeva preciznost i kvalitetu izrade, svakom novom projektu posve\u0107ujemo posebnu pa\u017enju.<\/p>\n<p style=\"text-align: justify;\">Tehni\u010dka svojstva su bitna za svaku gra\u0111evinu, a kona\u010dni cilj nam je ispunjavanje svih zahtjeva investitora i pridr\u017eavanje svih pravila struke prilikom izgradnje.<\/p>\n<p><a href=\"http:\/\/elektro-mont.hr\/hr\/wp-content\/uploads\/Gradjevinarstvo.jpg\"><img loading=\"lazy\" class=\"alignleft size-full wp-image-940\" src=\"http:\/\/elektro-mont.hr\/hr\/wp-content\/uploads\/Gradjevinarstvo.jpg\" alt=\"Gradjevinarstvo\" width=\"600\" height=\"303\" srcset=\"http:\/\/elektro-mont.hr\/hr\/wp-content\/uploads\/Gradjevinarstvo.jpg 600w, http:\/\/elektro-mont.hr\/hr\/wp-content\/uploads\/Gradjevinarstvo-300x151.jpg 300w\" sizes=\"(max-width: 600px) 100vw, 600px\" \/><\/a><\/p>\n<p style=\"text-align: justify;\"><strong>Zadovoljan investitor nam je prioritet, a dosada\u0161nji izvedeni radovi temelje se na iskustvu i kvaliteti usluge.<\/strong><\/p>\n<p>&nbsp;<\/p>\n","protected":false},"excerpt":{"rendered":"<p>Budu\u0107i je svaka gra\u0111evina ostvarenje gra\u0111evinske tehnike koja zahtjeva preciznost i kvalitetu izrade, svakom novom projektu posve\u0107ujemo posebnu pa\u017enju. Tehni\u010dka svojstva su bitna za svaku gra\u0111evinu, a kona\u010dni cilj nam je ispunjavanje svih zahtjeva investitora i pridr\u017eavanje svih pravila struke prilikom izgradnje. Zadovoljan investitor nam je prioritet, a dosada\u0161nji izvedeni radovi temelje se na iskustvu.<\/p>\n","protected":false},"author":1,"featured_media":0,"parent":707,"menu_order":0,"comment_status":"open","ping_status":"open","template":"","meta":[],"_links":{"self":[{"href":"http:\/\/elektro-mont.hr\/hr\/wp-json\/wp\/v2\/pages\/715"}],"collection":[{"href":"http:\/\/elektro-mont.hr\/hr\/wp-json\/wp\/v2\/pages"}],"about":[{"href":"http:\/\/elektro-mont.hr\/hr\/wp-json\/wp\/v2\/types\/page"}],"author":[{"embeddable":true,"href":"http:\/\/elektro-mont.hr\/hr\/wp-json\/wp\/v2\/users\/1"}],"replies":[{"embeddable":true,"href":"http:\/\/elektro-mont.hr\/hr\/wp-json\/wp\/v2\/comments?post=715"}],"version-history":[{"count":12,"href":"http:\/\/elektro-mont.hr\/hr\/wp-json\/wp\/v2\/pages\/715\/revisions"}],"predecessor-version":[{"id":941,"href":"http:\/\/elektro-mont.hr\/hr\/wp-json\/wp\/v2\/pages\/715\/revisions\/941"}],"up":[{"embeddable":true,"href":"http:\/\/elektro-mont.hr\/hr\/wp-json\/wp\/v2\/pages\/707"}],"wp:attachment":[{"href":"http:\/\/elektro-mont.hr\/hr\/wp-json\/wp\/v2\/media?parent=715"}],"curies":[{"name":"wp","href":"https:\/\/api.w.org\/{rel}","templated":true}]}}