{"id":707,"date":"2014-06-23T12:02:38","date_gmt":"2014-06-23T12:02:38","guid":{"rendered":"http:\/\/elektro-mont.hr\/hr\/?page_id=707"},"modified":"2014-10-25T07:34:23","modified_gmt":"2014-10-25T07:34:23","slug":"usluge","status":"publish","type":"page","link":"http:\/\/elektro-mont.hr\/hr\/usluge\/","title":{"rendered":"Usluge"},"content":{"rendered":"<div class=\"tf-flash-messages\"><\/div>\n<p><strong>ELEKTROMONTA\u017dNI RADOVI<\/strong>:<\/p>\n<p>o\u00a0\u00a0 \u00a0Izrada elektri\u010dnih instalacija u industrijskim, poslovnim i stambenim objektima<br \/>\no\u00a0\u00a0 \u00a0Izrada gromobranskih instalacija<br \/>\no\u00a0\u00a0 \u00a0Elektromonta\u017eni radovi za razna industrijska postrojenja<br \/>\no\u00a0\u00a0 \u00a0Ispitivanje instalacija ( ispitni protokol )<\/p>\n<p><strong>OBRADA METALA<\/strong><\/p>\n<p>o\u00a0\u00a0 \u00a0Bravarske usluge<br \/>\no\u00a0\u00a0 \u00a0Izrada antenskih stupova<br \/>\no\u00a0\u00a0 \u00a0Rezanje metala na mjeru<br \/>\no\u00a0\u00a0 \u00a0Usluge rezanja \u0161karama<br \/>\no\u00a0\u00a0 \u00a0Usluge rezanja plazmom<br \/>\no\u00a0\u00a0 \u00a0Usluge rezanja tra\u010dnom pilom<br \/>\no\u00a0\u00a0 \u00a0Savijanje<br \/>\no\u00a0\u00a0 \u00a0Rol savijanje<br \/>\no\u00a0\u00a0 \u00a0Ravno savijanje<br \/>\no\u00a0\u00a0 \u00a0Usluge zavarivanja<br \/>\no\u00a0\u00a0 \u00a0\u0160tancanje<\/p>\n<p><strong>OBRADA METALA ODVAJANJEM \u010cESTICA<\/strong><\/p>\n<p>o\u00a0\u00a0 \u00a0Tokarska obrada<br \/>\no\u00a0\u00a0 \u00a0Glodanje<br \/>\no\u00a0\u00a0 \u00a0Bu\u0161enje<\/p>\n<p><strong>ANTENSKI SUSTAVI<\/strong><\/p>\n<p>o\u00a0\u00a0 \u00a0Komunikacijski radovi<br \/>\no\u00a0\u00a0 \u00a0Ugradnja komunikacijske opreme i prate\u0107ih sustava<br \/>\no\u00a0\u00a0 \u00a0Ugradnja pomo\u0107nih ure\u0111aja<\/p>\n<p><strong>GRA\u0110EVINA<\/strong>:<\/p>\n<p>o\u00a0\u00a0 \u00a0Izvo\u0111enje odre\u0111enih pojedinih radova na svim skupinama gra\u0111evina<br \/>\no\u00a0\u00a0 \u00a0Zidarski radovi ( zidanje zidova, \u017ebukanje, sanacija betona, priprema podloge za za zavr\u0161ne obloge, suhi estrih, podne cementne glazure i sl.)<\/p>\n","protected":false},"excerpt":{"rendered":"<p>ELEKTROMONTA\u017dNI RADOVI: o\u00a0\u00a0 \u00a0Izrada elektri\u010dnih instalacija u industrijskim, poslovnim i stambenim objektima o\u00a0\u00a0 \u00a0Izrada gromobranskih instalacija o\u00a0\u00a0 \u00a0Elektromonta\u017eni radovi za razna industrijska postrojenja o\u00a0\u00a0 \u00a0Ispitivanje instalacija ( ispitni protokol ) OBRADA METALA o\u00a0\u00a0 \u00a0Bravarske usluge o\u00a0\u00a0 \u00a0Izrada antenskih stupova o\u00a0\u00a0 \u00a0Rezanje metala na mjeru o\u00a0\u00a0 \u00a0Usluge rezanja \u0161karama o\u00a0\u00a0 \u00a0Usluge rezanja plazmom o\u00a0\u00a0 \u00a0Usluge rezanja.<\/p>\n","protected":false},"author":1,"featured_media":0,"parent":0,"menu_order":0,"comment_status":"open","ping_status":"open","template":"","meta":[],"_links":{"self":[{"href":"http:\/\/elektro-mont.hr\/hr\/wp-json\/wp\/v2\/pages\/707"}],"collection":[{"href":"http:\/\/elektro-mont.hr\/hr\/wp-json\/wp\/v2\/pages"}],"about":[{"href":"http:\/\/elektro-mont.hr\/hr\/wp-json\/wp\/v2\/types\/page"}],"author":[{"embeddable":true,"href":"http:\/\/elektro-mont.hr\/hr\/wp-json\/wp\/v2\/users\/1"}],"replies":[{"embeddable":true,"href":"http:\/\/elektro-mont.hr\/hr\/wp-json\/wp\/v2\/comments?post=707"}],"version-history":[{"count":7,"href":"http:\/\/elektro-mont.hr\/hr\/wp-json\/wp\/v2\/pages\/707\/revisions"}],"predecessor-version":[{"id":882,"href":"http:\/\/elektro-mont.hr\/hr\/wp-json\/wp\/v2\/pages\/707\/revisions\/882"}],"wp:attachment":[{"href":"http:\/\/elektro-mont.hr\/hr\/wp-json\/wp\/v2\/media?parent=707"}],"curies":[{"name":"wp","href":"https:\/\/api.w.org\/{rel}","templated":true}]}}