{"id":693,"date":"2014-06-23T11:54:36","date_gmt":"2014-06-23T11:54:36","guid":{"rendered":"http:\/\/elektro-mont.hr\/hr\/?page_id=693"},"modified":"2015-03-20T12:55:27","modified_gmt":"2015-03-20T12:55:27","slug":"reference","status":"publish","type":"page","link":"http:\/\/elektro-mont.hr\/hr\/reference\/","title":{"rendered":"Reference"},"content":{"rendered":"<div class=\"tf-flash-messages\"><\/div>\n<p>IZDVOJENE REFERENCE:<\/p>\n<ul>\n<li>VIPnet d.o.o.<\/li>\n<li>HT d.d.<\/li>\n<li>HEP &#8211; Operator distribucijskog sustava d.o.o.<\/li>\n<li>HPB d.d.<\/li>\n<li>Vi\u0161estambena gra\u0111evina Velikogori\u010dka ulica &#8211; Zagreb<\/li>\n<li>Rekonstrukcija stambenih objekata po programu APN-a<\/li>\n<\/ul>\n","protected":false},"excerpt":{"rendered":"<p>IZDVOJENE REFERENCE: VIPnet d.o.o. HT d.d. HEP &#8211; Operator distribucijskog sustava d.o.o. HPB d.d. Vi\u0161estambena gra\u0111evina Velikogori\u010dka ulica &#8211; Zagreb Rekonstrukcija stambenih objekata po programu APN-a<\/p>\n","protected":false},"author":1,"featured_media":0,"parent":0,"menu_order":0,"comment_status":"open","ping_status":"open","template":"","meta":[],"_links":{"self":[{"href":"http:\/\/elektro-mont.hr\/hr\/wp-json\/wp\/v2\/pages\/693"}],"collection":[{"href":"http:\/\/elektro-mont.hr\/hr\/wp-json\/wp\/v2\/pages"}],"about":[{"href":"http:\/\/elektro-mont.hr\/hr\/wp-json\/wp\/v2\/types\/page"}],"author":[{"embeddable":true,"href":"http:\/\/elektro-mont.hr\/hr\/wp-json\/wp\/v2\/users\/1"}],"replies":[{"embeddable":true,"href":"http:\/\/elektro-mont.hr\/hr\/wp-json\/wp\/v2\/comments?post=693"}],"version-history":[{"count":5,"href":"http:\/\/elektro-mont.hr\/hr\/wp-json\/wp\/v2\/pages\/693\/revisions"}],"predecessor-version":[{"id":1073,"href":"http:\/\/elektro-mont.hr\/hr\/wp-json\/wp\/v2\/pages\/693\/revisions\/1073"}],"wp:attachment":[{"href":"http:\/\/elektro-mont.hr\/hr\/wp-json\/wp\/v2\/media?parent=693"}],"curies":[{"name":"wp","href":"https:\/\/api.w.org\/{rel}","templated":true}]}}