{"id":57,"date":"2014-11-06T10:54:11","date_gmt":"2014-11-06T10:54:11","guid":{"rendered":"http:\/\/elektro-mont.hr\/de\/?page_id=57"},"modified":"2014-11-06T11:01:50","modified_gmt":"2014-11-06T11:01:50","slug":"mascinelle-bearbeitung","status":"publish","type":"page","link":"http:\/\/elektro-mont.hr\/de\/dienstleistung\/mascinelle-bearbeitung\/","title":{"rendered":"Mascinelle Bearbeitung"},"content":{"rendered":"<p style=\"text-align: justify;\">Mascinelle Bearbeitung ist ein Teil unserer Dienstleistung, die in ein modernes und umfassendes Angebot gewachsen ist. Mit engagierter Arbeit, haben wir das Vertrauen namhafter Unternehmen, die uns als zuverl\u00e4ssiger Partner anerkannt haben, gewonnen.<\/p>\n<p style=\"text-align: justify;\">Die Produktionsst\u00e4tte ist mit Maschinen ausgestattet, die alle Anforderungen und Herausforderungen gerecht erf\u00fchllen k\u00f6nnen.<\/p>\n<p style=\"text-align: justify;\"><a href=\"http:\/\/elektro-mont.hr\/en\/wp-content\/uploads\/Strojna-obrada2.jpg\"><img loading=\"lazy\" class=\"alignleft size-full wp-image-943\" src=\"http:\/\/elektro-mont.hr\/en\/wp-content\/uploads\/Strojna-obrada2.jpg\" alt=\"Mascinelle Bearbeitung\" width=\"600\" height=\"303\" \/><\/a><\/p>\n<p style=\"text-align: justify;\">Dienstleistungen:<\/p>\n<ul style=\"text-align: justify;\">\n<li><strong>Bearbeitung von Partikelabscheidung<\/strong><\/li>\n<\/ul>\n<p style=\"text-align: justify;\">o Drehung<\/p>\n<p style=\"text-align: justify;\">o Mahlen<\/p>\n<p style=\"text-align: justify;\">o Bohrunng<\/p>\n<ul style=\"text-align: justify;\">\n<li><strong>Bearbeitung ohne Entfernung von Materialen<\/strong><\/li>\n<\/ul>\n<p style=\"text-align: justify;\">o Flexion<\/p>\n<ul style=\"text-align: justify;\">\n<ul>\n<li><strong>Schwei\u03b2arbeiten <\/strong><\/li>\n<li><strong>Plasmaschneiden Dienstleistungen <\/strong><\/li>\n<\/ul>\n<\/ul>\n<p style=\"text-align: justify;\"><a href=\"http:\/\/elektro-mont.hr\/en\/wp-content\/uploads\/Strojna-obrada1.jpg\"><img loading=\"lazy\" class=\"alignleft size-full wp-image-942\" src=\"http:\/\/elektro-mont.hr\/en\/wp-content\/uploads\/Strojna-obrada1.jpg\" alt=\"Strojna-obrada1\" width=\"600\" height=\"303\" \/><\/a><\/p>\n","protected":false},"excerpt":{"rendered":"<p>Mascinelle Bearbeitung ist ein Teil unserer Dienstleistung, die in ein modernes und umfassendes Angebot gewachsen ist. Mit engagierter Arbeit, haben wir das Vertrauen namhafter Unternehmen, die uns als zuverl\u00e4ssiger Partner anerkannt haben, gewonnen. Die Produktionsst\u00e4tte ist mit Maschinen ausgestattet, die alle Anforderungen und Herausforderungen gerecht erf\u00fchllen k\u00f6nnen. Dienstleistungen: Bearbeitung von Partikelabscheidung o Drehung o Mahlen.<\/p>\n","protected":false},"author":1,"featured_media":0,"parent":17,"menu_order":0,"comment_status":"open","ping_status":"open","template":"","meta":[],"_links":{"self":[{"href":"http:\/\/elektro-mont.hr\/de\/wp-json\/wp\/v2\/pages\/57"}],"collection":[{"href":"http:\/\/elektro-mont.hr\/de\/wp-json\/wp\/v2\/pages"}],"about":[{"href":"http:\/\/elektro-mont.hr\/de\/wp-json\/wp\/v2\/types\/page"}],"author":[{"embeddable":true,"href":"http:\/\/elektro-mont.hr\/de\/wp-json\/wp\/v2\/users\/1"}],"replies":[{"embeddable":true,"href":"http:\/\/elektro-mont.hr\/de\/wp-json\/wp\/v2\/comments?post=57"}],"version-history":[{"count":4,"href":"http:\/\/elektro-mont.hr\/de\/wp-json\/wp\/v2\/pages\/57\/revisions"}],"predecessor-version":[{"id":64,"href":"http:\/\/elektro-mont.hr\/de\/wp-json\/wp\/v2\/pages\/57\/revisions\/64"}],"up":[{"embeddable":true,"href":"http:\/\/elektro-mont.hr\/de\/wp-json\/wp\/v2\/pages\/17"}],"wp:attachment":[{"href":"http:\/\/elektro-mont.hr\/de\/wp-json\/wp\/v2\/media?parent=57"}],"curies":[{"name":"wp","href":"https:\/\/api.w.org\/{rel}","templated":true}]}}