{"id":44,"date":"2014-11-04T12:56:09","date_gmt":"2014-11-04T12:56:09","guid":{"rendered":"http:\/\/elektro-mont.hr\/de\/?page_id=44"},"modified":"2014-11-06T11:41:32","modified_gmt":"2014-11-06T11:41:32","slug":"telekommunikation","status":"publish","type":"page","link":"http:\/\/elektro-mont.hr\/de\/telekommunikation\/","title":{"rendered":"Telekommunikation"},"content":{"rendered":"<p style=\"text-align: justify;\">Das heutige Leben ist fast unvorstellbar ohne Telekommunikation oder Fernkommunikation. Mobile Ger\u00e4te mit moderner Technik sind ein unvermeidlicher Teil unseres t\u00e4glichen Lebens. Internet als Dienstleistung ist zu einer der Hauptgeneratoren von Entwicklung und Fortschritt geworden.<\/p>\n<p style=\"text-align: justify;\">Da wir eine umfangreiche Erfahrung bei der Bereitstellung von Dienstleistungen f\u00fcr Betreiber von Telekommunikationsnetzen in Kroatien haben, k\u00f6nnen wir mit Vergn\u00fcgen mitteilen, dass wir als verl\u00e4sslicher Vertragspartner unsere Dienstleistungen anbieten k\u00f6nnen.<\/p>\n<p style=\"text-align: justify;\"><a href=\"http:\/\/elektro-mont.hr\/hr\/wp-content\/uploads\/Slide_1.jpg\"><img loading=\"lazy\" class=\"alignleft size-full wp-image-627\" src=\"http:\/\/elektro-mont.hr\/hr\/wp-content\/uploads\/Slide_1.jpg\" alt=\"Slide_1\" width=\"870\" height=\"440\" \/><\/a><\/p>\n<p style=\"text-align: justify;\"><strong>Unser Team von speziell ausgebildeten Personal ist jederzeit bereit, auf alle Anfragen zu reagieren und sich an die Bedingungen vor Ort einzustellen.<\/strong><\/p>\n","protected":false},"excerpt":{"rendered":"<p>Das heutige Leben ist fast unvorstellbar ohne Telekommunikation oder Fernkommunikation. Mobile Ger\u00e4te mit moderner Technik sind ein unvermeidlicher Teil unseres t\u00e4glichen Lebens. Internet als Dienstleistung ist zu einer der Hauptgeneratoren von Entwicklung und Fortschritt geworden. Da wir eine umfangreiche Erfahrung bei der Bereitstellung von Dienstleistungen f\u00fcr Betreiber von Telekommunikationsnetzen in Kroatien haben, k\u00f6nnen wir mit.<\/p>\n","protected":false},"author":1,"featured_media":0,"parent":0,"menu_order":0,"comment_status":"open","ping_status":"open","template":"","meta":[],"_links":{"self":[{"href":"http:\/\/elektro-mont.hr\/de\/wp-json\/wp\/v2\/pages\/44"}],"collection":[{"href":"http:\/\/elektro-mont.hr\/de\/wp-json\/wp\/v2\/pages"}],"about":[{"href":"http:\/\/elektro-mont.hr\/de\/wp-json\/wp\/v2\/types\/page"}],"author":[{"embeddable":true,"href":"http:\/\/elektro-mont.hr\/de\/wp-json\/wp\/v2\/users\/1"}],"replies":[{"embeddable":true,"href":"http:\/\/elektro-mont.hr\/de\/wp-json\/wp\/v2\/comments?post=44"}],"version-history":[{"count":4,"href":"http:\/\/elektro-mont.hr\/de\/wp-json\/wp\/v2\/pages\/44\/revisions"}],"predecessor-version":[{"id":74,"href":"http:\/\/elektro-mont.hr\/de\/wp-json\/wp\/v2\/pages\/44\/revisions\/74"}],"wp:attachment":[{"href":"http:\/\/elektro-mont.hr\/de\/wp-json\/wp\/v2\/media?parent=44"}],"curies":[{"name":"wp","href":"https:\/\/api.w.org\/{rel}","templated":true}]}}