{"id":41,"date":"2014-11-04T12:52:09","date_gmt":"2014-11-04T12:52:09","guid":{"rendered":"http:\/\/elektro-mont.hr\/de\/?page_id=41"},"modified":"2014-11-06T11:31:51","modified_gmt":"2014-11-06T11:31:51","slug":"fm-37","status":"publish","type":"page","link":"http:\/\/elektro-mont.hr\/de\/fm-37\/","title":{"rendered":"Unser Produkt &#8211; Antennenspalte FM 37"},"content":{"rendered":"<p style=\"text-align: justify;\"><strong>EINE MOBILE ANTENNENSPALTE ELEKTRONISCHER KOMMUNIKATIONSINFRASTRUKTUR F\u00dcR MOBILFUNKBETREIBER<\/strong><\/p>\n<p style=\"text-align: justify;\"><a href=\"http:\/\/elektro-mont.hr\/en\/wp-content\/uploads\/FM37-osnovno.jpg\"><img loading=\"lazy\" class=\"alignleft wp-image-831 \" src=\"http:\/\/elektro-mont.hr\/en\/wp-content\/uploads\/FM37-osnovno-426x1024.jpg\" alt=\"FM37-osnovno\" width=\"235\" height=\"576\" \/><\/a><strong>CLIENT<\/strong>: Elektro-mont Gmbh, Alle Rechte vorbehalten<\/p>\n<p style=\"text-align: justify;\"><strong>PROJEKT VORGENOMMEN<\/strong>: TELE-PROJEKT d.o.o.<\/p>\n<p style=\"text-align: justify;\"><strong>TECHNISCHE DATEN<\/strong>:<\/p>\n<p style=\"text-align: justify;\"><strong>Heihght:<\/strong> h= 37,00 m<br \/>\n<strong>Bruttogescho\u00dffl\u00e4che mit Sockel<\/strong>: 43,50 m\u00b2<br \/>\n<strong>Volumen<\/strong>: 292,00 m\u00b3<br \/>\n<strong>Wind<\/strong>: Vbo = 35m\/s ohne Eis<br \/>\n<strong>Wind<\/strong>: Vbo = 30 m\/s mit Eis<br \/>\n<strong>Wind<\/strong>: Vbo = 25 m\/s mit Eis<\/p>\n<p style=\"text-align: justify;\"><strong>KOMMENTAR:<\/strong><\/p>\n<p style=\"text-align: justify;\">In Bezug auf der Bauweise, Typ Antennenmast FM37 steht f\u00fcr ein Geb\u00e4ude, das aus r\u00e4umlicher Dreiecksstahlgitterstruktur, Stahlkonstruktion Stabilisator, grundlegende strukturelle Stahl, Stahlseile (Anker) mit Zubeh\u00f6r und Betonbalken \u2013 Ballast steht.<\/p>\n<ul style=\"text-align: justify;\">\n<li>In Bezug auf die klima- Bedingungen, diese Spalten (nach EN 1991 Teil 1-4: Allgemeine Einwirkungen &#8211; Windeffekt ) gelten f\u00fcr Gebiete mit Grundwindgeschwindigkeit und f\u00fcr Standorte mit II. Kategorie Rauhigkeit des Gel\u00e4ndes:<\/li>\n<\/ul>\n<p style=\"text-align: justify;\">o 35 m\/s ohne Eis<br \/>\no 30 m\/s mit Eis<br \/>\no 25 m\/s mit Eis<\/p>\n<p style=\"text-align: justify;\">W\u00e4hrend der Anwendung von der aktuellen Position, das Projektstandort muss auf die tats\u00e4chliche Kategorie der Rauhigkeit des Gel\u00e4ndes, auf der Orographie und andere Bedingungen der Mikrolage ber\u00fccksichtigen.<\/p>\n<p style=\"text-align: justify;\">\u2022 Dieser Spalte, mit den oben genannten Eigenschaften, erf\u00fcllt das Zwck mehrere Operatoren mit den notwendigen Reservefelder. Die Ergebnisse sind verschiedene Konfigurationen von Antennen, die Anzahl und Art der Antenne, je nach aktuellen und zuk\u00fcnftigen Bed\u00fcrfnisse und m\u00f6glicherweise k\u00fcnftigen Betreiber.<\/p>\n<p style=\"text-align: justify;\">So kann Typ Antennenmast verwendet werden als eine Einheit (ohne Modifizierung und Verarbeitung) an verschiedenen Stellen und f\u00fcr mehrere Operatoren.<\/p>\n<p style=\"text-align: justify;\">TELE-PROJEKT Gmbh<\/p>\n<p style=\"text-align: justify;\"><strong>ZWECK DER SPALTE:<\/strong><\/p>\n<p style=\"text-align: justify;\">FM Antennenmast 37 hat ein grundlegenden Zweck der Annahme und Durchf\u00fchrung Antennensysteme f\u00fcr elektronische Kommunikation (GSM, UMTS, DCS und LTE) und der Antenne und Funkger\u00e4te und andere Verbindungen, und das zusammen mit anderen unterst\u00fctzenden Lasten (Wind, Eis, Schnee und Ausr\u00fcstung ) erf\u00fcllen die Anforderungen der mechanischen Festigkeit und Stabilit\u00e4t, zusammen mit der erforderlichen Sicherheit f\u00fcr die Zwecke von einem oder mehreren Betreibern.<\/p>\n<p style=\"text-align: justify;\"><strong>Verwaltungsgeb\u00e4ude und Instandhaltungsbedingungen:<\/strong><\/p>\n<p style=\"text-align: justify;\">Column FM 37, wegen seiner Bequemlichkeit, von Ort zu Ort in der Umgebung, und keine Bauarbeiten, und in seinem Charakter f\u00e4llt in der tempor\u00e4ren Bauten.<\/p>\n<p style=\"text-align: justify;\">Bei regelm\u00e4\u00dfiger Wartung unter vorgeschriebenen Bedingungen kann es eine Nutzungsdauer von 25 Jahren haben.<\/p>\n<p style=\"text-align: justify;\">Wartung von Masten in \u00dcbereinstimmung mit dem Gesetz \u00fcber elektronische Kommunikation (Amtsblatt Nr. 73\/08, 90\/11, 133\/12 und 80\/13.) Und technische Vorschriften f\u00fcr Stahlkonstruktionen (Amtsblatt Nr. 112\/08, 125\/10, 73 umgesetzt \/ 12 und 136\/12).<\/p>\n<p style=\"text-align: justify;\"><strong>ERDBEDENSICHERHEIT DER GEB\u00c4UDE<\/strong><\/p>\n<p style=\"text-align: justify;\">Diese Art von Stahl stellt ein dreieckiges Raum Rahmenstruktur, eine gerade Kontur dar, wo die Masse gleichm\u00e4\u00dfig \u00fcber die L\u00e4nge des Turms verteilt wird und die Masse der Antenne auf dem oberen Teil der S\u00e4ule ist sehr klein im Vergleich zu der Masse des pier. So ist es logisch, dass die seismische Gesamtkraft aufgrund Erdbebeneinwirkung unter einen kritischen Wert sein wird.\n<\/p>\n<p style=\"text-align: justify;\">\n<p style=\"text-align: justify;\">\n","protected":false},"excerpt":{"rendered":"<p>EINE MOBILE ANTENNENSPALTE ELEKTRONISCHER KOMMUNIKATIONSINFRASTRUKTUR F\u00dcR MOBILFUNKBETREIBER CLIENT: Elektro-mont Gmbh, Alle Rechte vorbehalten PROJEKT VORGENOMMEN: TELE-PROJEKT d.o.o. TECHNISCHE DATEN: Heihght: h= 37,00 m Bruttogescho\u00dffl\u00e4che mit Sockel: 43,50 m\u00b2 Volumen: 292,00 m\u00b3 Wind: Vbo = 35m\/s ohne Eis Wind: Vbo = 30 m\/s mit Eis Wind: Vbo = 25 m\/s mit Eis KOMMENTAR: In Bezug auf.<\/p>\n","protected":false},"author":1,"featured_media":0,"parent":0,"menu_order":0,"comment_status":"open","ping_status":"open","template":"","meta":[],"_links":{"self":[{"href":"http:\/\/elektro-mont.hr\/de\/wp-json\/wp\/v2\/pages\/41"}],"collection":[{"href":"http:\/\/elektro-mont.hr\/de\/wp-json\/wp\/v2\/pages"}],"about":[{"href":"http:\/\/elektro-mont.hr\/de\/wp-json\/wp\/v2\/types\/page"}],"author":[{"embeddable":true,"href":"http:\/\/elektro-mont.hr\/de\/wp-json\/wp\/v2\/users\/1"}],"replies":[{"embeddable":true,"href":"http:\/\/elektro-mont.hr\/de\/wp-json\/wp\/v2\/comments?post=41"}],"version-history":[{"count":5,"href":"http:\/\/elektro-mont.hr\/de\/wp-json\/wp\/v2\/pages\/41\/revisions"}],"predecessor-version":[{"id":71,"href":"http:\/\/elektro-mont.hr\/de\/wp-json\/wp\/v2\/pages\/41\/revisions\/71"}],"wp:attachment":[{"href":"http:\/\/elektro-mont.hr\/de\/wp-json\/wp\/v2\/media?parent=41"}],"curies":[{"name":"wp","href":"https:\/\/api.w.org\/{rel}","templated":true}]}}