{"id":25,"date":"2014-11-04T12:37:27","date_gmt":"2014-11-04T12:37:27","guid":{"rendered":"http:\/\/elektro-mont.hr\/de\/?page_id=25"},"modified":"2014-11-06T11:03:48","modified_gmt":"2014-11-06T11:03:48","slug":"bauwirtschaft","status":"publish","type":"page","link":"http:\/\/elektro-mont.hr\/de\/dienstleistung\/bauwirtschaft\/","title":{"rendered":"Bauwirtschaft"},"content":{"rendered":"<p style=\"text-align: justify;\">Da jedes Hochbau eine Pr\u00e4zision und handwerkliche Qualit\u00e4t erfordert, legen wir besonderen Augenmerk auf jedes neues Projekt.<\/p>\n<p style=\"text-align: justify;\">Technische Merkmale sind wichtig f\u00fcr jedes Geb\u00e4ude, und das endg\u00fcltige Ziel ist die Erf\u00fcllung aller Anforderungen von Investoren und die Einhaltung aller Regeln des Berufsstandes w\u00e4hrend der Bauphase.<\/p>\n<p style=\"text-align: justify;\"><a href=\"http:\/\/elektro-mont.hr\/en\/wp-content\/uploads\/Gradjevinarstvo.jpg\"><img loading=\"lazy\" class=\"alignleft size-full wp-image-940\" src=\"http:\/\/elektro-mont.hr\/en\/wp-content\/uploads\/Gradjevinarstvo.jpg\" alt=\"Bauwirtschaft\" width=\"600\" height=\"303\" \/><\/a><\/p>\n<p style=\"text-align: justify;\"><strong>Ein zufriedener Investor und die vorherige abgeleitete Arbeiten auf Basis der Erfahrung und Qualit\u00e4t der Dienstleistung, ist unsere Priorit\u00e4t.<\/strong><\/p>\n<p>&nbsp;<\/p>\n","protected":false},"excerpt":{"rendered":"<p>Da jedes Hochbau eine Pr\u00e4zision und handwerkliche Qualit\u00e4t erfordert, legen wir besonderen Augenmerk auf jedes neues Projekt. Technische Merkmale sind wichtig f\u00fcr jedes Geb\u00e4ude, und das endg\u00fcltige Ziel ist die Erf\u00fcllung aller Anforderungen von Investoren und die Einhaltung aller Regeln des Berufsstandes w\u00e4hrend der Bauphase. Ein zufriedener Investor und die vorherige abgeleitete Arbeiten auf Basis.<\/p>\n","protected":false},"author":1,"featured_media":0,"parent":17,"menu_order":0,"comment_status":"open","ping_status":"open","template":"","meta":[],"_links":{"self":[{"href":"http:\/\/elektro-mont.hr\/de\/wp-json\/wp\/v2\/pages\/25"}],"collection":[{"href":"http:\/\/elektro-mont.hr\/de\/wp-json\/wp\/v2\/pages"}],"about":[{"href":"http:\/\/elektro-mont.hr\/de\/wp-json\/wp\/v2\/types\/page"}],"author":[{"embeddable":true,"href":"http:\/\/elektro-mont.hr\/de\/wp-json\/wp\/v2\/users\/1"}],"replies":[{"embeddable":true,"href":"http:\/\/elektro-mont.hr\/de\/wp-json\/wp\/v2\/comments?post=25"}],"version-history":[{"count":3,"href":"http:\/\/elektro-mont.hr\/de\/wp-json\/wp\/v2\/pages\/25\/revisions"}],"predecessor-version":[{"id":66,"href":"http:\/\/elektro-mont.hr\/de\/wp-json\/wp\/v2\/pages\/25\/revisions\/66"}],"up":[{"embeddable":true,"href":"http:\/\/elektro-mont.hr\/de\/wp-json\/wp\/v2\/pages\/17"}],"wp:attachment":[{"href":"http:\/\/elektro-mont.hr\/de\/wp-json\/wp\/v2\/media?parent=25"}],"curies":[{"name":"wp","href":"https:\/\/api.w.org\/{rel}","templated":true}]}}