{"id":23,"date":"2014-11-04T12:37:12","date_gmt":"2014-11-04T12:37:12","guid":{"rendered":"http:\/\/elektro-mont.hr\/de\/?page_id=23"},"modified":"2014-11-06T10:50:28","modified_gmt":"2014-11-06T10:50:28","slug":"elektroinstallation","status":"publish","type":"page","link":"http:\/\/elektro-mont.hr\/de\/dienstleistung\/elektroinstallation\/","title":{"rendered":"Elektroinstallation"},"content":{"rendered":"<p style=\"text-align: justify;\">Bei der Durchf\u00fchrung von Verkabelung, ist unsere Priorit\u00e4t die Qualit\u00e4t der Arbeit. Ihre Investition durch den gesamten Prozess der Bildung, folgt ein erfahrenes Team, von der Planungsphase bis zur Abschlussarbeit.<\/p>\n<p style=\"text-align: justify;\"><strong>Die Abteilung f\u00fcr Leiterz\u00fcge folgt ein erfahrenes Team von Ingenieuren und Technikern, deren Erfahrung zur Qualit\u00e4tsentwicklung des gesamten Projekts beitr\u00e4gt.<\/strong><\/p>\n<p style=\"text-align: justify;\"><img loading=\"lazy\" class=\"alignnone\" src=\"http:\/\/elektro-mont.hr\/en\/wp-content\/uploads\/Elektromontaza.jpg\" alt=\"\" width=\"600\" height=\"303\" \/><\/p>\n<p style=\"text-align: justify;\">Unsere abgeleiteten Werke zeichnen sich neben Qualit\u00e4t auch nach Einrichtung der Fristen , die f\u00fcr die Fortsetzung der Arbeit wichtig sind.<br \/>\nWir verwenden professionelle Ausr\u00fcstung und Werkzeuge namhafter Hersteller und unsere Flotte k\u00f6nnen alle Ihre Bed\u00fcrfnisse vollst\u00e4ndig erf\u00fcllen.<\/p>\n","protected":false},"excerpt":{"rendered":"<p>Bei der Durchf\u00fchrung von Verkabelung, ist unsere Priorit\u00e4t die Qualit\u00e4t der Arbeit. Ihre Investition durch den gesamten Prozess der Bildung, folgt ein erfahrenes Team, von der Planungsphase bis zur Abschlussarbeit. Die Abteilung f\u00fcr Leiterz\u00fcge folgt ein erfahrenes Team von Ingenieuren und Technikern, deren Erfahrung zur Qualit\u00e4tsentwicklung des gesamten Projekts beitr\u00e4gt. Unsere abgeleiteten Werke zeichnen sich.<\/p>\n","protected":false},"author":1,"featured_media":0,"parent":17,"menu_order":0,"comment_status":"open","ping_status":"open","template":"","meta":[],"_links":{"self":[{"href":"http:\/\/elektro-mont.hr\/de\/wp-json\/wp\/v2\/pages\/23"}],"collection":[{"href":"http:\/\/elektro-mont.hr\/de\/wp-json\/wp\/v2\/pages"}],"about":[{"href":"http:\/\/elektro-mont.hr\/de\/wp-json\/wp\/v2\/types\/page"}],"author":[{"embeddable":true,"href":"http:\/\/elektro-mont.hr\/de\/wp-json\/wp\/v2\/users\/1"}],"replies":[{"embeddable":true,"href":"http:\/\/elektro-mont.hr\/de\/wp-json\/wp\/v2\/comments?post=23"}],"version-history":[{"count":3,"href":"http:\/\/elektro-mont.hr\/de\/wp-json\/wp\/v2\/pages\/23\/revisions"}],"predecessor-version":[{"id":54,"href":"http:\/\/elektro-mont.hr\/de\/wp-json\/wp\/v2\/pages\/23\/revisions\/54"}],"up":[{"embeddable":true,"href":"http:\/\/elektro-mont.hr\/de\/wp-json\/wp\/v2\/pages\/17"}],"wp:attachment":[{"href":"http:\/\/elektro-mont.hr\/de\/wp-json\/wp\/v2\/media?parent=23"}],"curies":[{"name":"wp","href":"https:\/\/api.w.org\/{rel}","templated":true}]}}