{"id":15,"date":"2014-11-04T12:33:23","date_gmt":"2014-11-04T12:33:23","guid":{"rendered":"http:\/\/elektro-mont.hr\/de\/?page_id=15"},"modified":"2014-11-06T10:43:53","modified_gmt":"2014-11-06T10:43:53","slug":"uber-uns","status":"publish","type":"page","link":"http:\/\/elektro-mont.hr\/de\/uber-uns\/","title":{"rendered":"\u00dcber uns"},"content":{"rendered":"<p style=\"text-align: justify;\"><strong>ELECTRO-MONT Gmbh<\/strong> wurde im Jahr 2007. in \u0110akovo gegr\u00fcndet, die spezialisierte Dienstleistungen, Elektroinstallationen, Stahlkonstruktionen und Konstruktion bietet. Von dem Tag der Gr\u00fcndung, ist das Ziel die Plasirung von Produkten und Dienstleistungen zur Vermarktung, die sich in erster Linie von der Qualit\u00e4t und dem Zugang vom anderem unterscheidet.<\/p>\n<p style=\"text-align: justify;\"><strong>Wir m\u00f6chten gerne Ihr Partner sein, indem Sie einen Bedarf an spezialisierten Dienstleistungen, Elektroinstallationen, Herstellung oder Verarbeitung von Stahlerzeugnissen in der Bauwirtschaft haben. Unsere Aufgabe ist es, Ihnen die Suche nach qualitativ hochwertigen Service und Produkt zu erleichten. Nur mit der Qualit\u00e4t k\u00f6nnen wir konkurieren. Wir wollen ein verl\u00e4sslicher Partner sein, der sich auf hochwertige Produkte, schnelles Service und wettbewerbsf\u00e4hige Preise verlesst. Nur mit der Synergie k\u00f6nnen wir wertvolle Ergebnisse erreichen. <\/strong>.<\/p>\n<p style=\"text-align: justify;\">Wie wir es bereits ausgedr\u00fcckt haben, ein individuelles Konzept f\u00fcr Kunden steht als Grundlage der Operationen und Positionierung der Qualit\u00e4t im Markt, so wie auch die Suche nach L\u00f6sungen, um W\u00fcnsche und individuelle Bed\u00fcrfnisse der Kunden erf\u00fchlen zu konnen. Einen grossen Vertrauen und Loyalit\u00e4t verdanken wir unseren Lieferanten und Kunden, die die t\u00e4gliche harte Arbeit und st\u00e4ndige Verbesserung des Unternehmens rechfertigen. Aus diesem Grund ist unsere Mission, ein zuverl\u00e4ssiger und langfristiger Partner f\u00fcr alle unsere Kunden beim Aufbau deren Erfolges &#8211; die Erfahrung, Ideen, Ausdauer und Wissen f\u00fchren uns zu einem gemeinsamen Ziel.<\/p>\n<p style=\"text-align: justify;\">Mit freundlichen Gr\u00fc\u00dfen, Team Electro-Mont Gmbh<\/p>\n","protected":false},"excerpt":{"rendered":"<p>ELECTRO-MONT Gmbh wurde im Jahr 2007. in \u0110akovo gegr\u00fcndet, die spezialisierte Dienstleistungen, Elektroinstallationen, Stahlkonstruktionen und Konstruktion bietet. Von dem Tag der Gr\u00fcndung, ist das Ziel die Plasirung von Produkten und Dienstleistungen zur Vermarktung, die sich in erster Linie von der Qualit\u00e4t und dem Zugang vom anderem unterscheidet. Wir m\u00f6chten gerne Ihr Partner sein, indem Sie.<\/p>\n","protected":false},"author":1,"featured_media":0,"parent":0,"menu_order":0,"comment_status":"open","ping_status":"open","template":"","meta":[],"_links":{"self":[{"href":"http:\/\/elektro-mont.hr\/de\/wp-json\/wp\/v2\/pages\/15"}],"collection":[{"href":"http:\/\/elektro-mont.hr\/de\/wp-json\/wp\/v2\/pages"}],"about":[{"href":"http:\/\/elektro-mont.hr\/de\/wp-json\/wp\/v2\/types\/page"}],"author":[{"embeddable":true,"href":"http:\/\/elektro-mont.hr\/de\/wp-json\/wp\/v2\/users\/1"}],"replies":[{"embeddable":true,"href":"http:\/\/elektro-mont.hr\/de\/wp-json\/wp\/v2\/comments?post=15"}],"version-history":[{"count":3,"href":"http:\/\/elektro-mont.hr\/de\/wp-json\/wp\/v2\/pages\/15\/revisions"}],"predecessor-version":[{"id":51,"href":"http:\/\/elektro-mont.hr\/de\/wp-json\/wp\/v2\/pages\/15\/revisions\/51"}],"wp:attachment":[{"href":"http:\/\/elektro-mont.hr\/de\/wp-json\/wp\/v2\/media?parent=15"}],"curies":[{"name":"wp","href":"https:\/\/api.w.org\/{rel}","templated":true}]}}