{"id":10,"date":"2014-11-04T12:28:46","date_gmt":"2014-11-04T12:28:46","guid":{"rendered":"http:\/\/elektro-mont.hr\/de\/?page_id=10"},"modified":"2014-11-07T07:33:07","modified_gmt":"2014-11-07T07:33:07","slug":"startseite","status":"publish","type":"page","link":"http:\/\/elektro-mont.hr\/de\/","title":{"rendered":"Startseite"},"content":{"rendered":"<div class=\"row\"><div class=\"col col_2_5 \"><div class=\"inner\">\r\n    <!-- text slider -->\r\n    <div id=\"text_slider409\" class=\"slideshow slideText\">\r\n        <div class=\"slides_container\">\r\n        <div class=\"slide\"><h3>Wir sind spezialisiert auf:<\/h3><p>Herstellung von elektrischen Anlagen in Industrie-, Gewerbe- und Wohngeb\u00e4uden, Montagearbeiten, Testanlagen . <\/p><a href=\"http:\/\/elektro-mont.hr\/de\/uber-uns\/\" class=\"link-more\">MEHR<\/a><\/div><div class=\"slide\"><h3>Antennenspalte FM 37<\/h3><p>Eine mobile  Antennenspalte elektronischer Kommunikationsinfrastruktur f\u00fcr Mobilfunkbetreiber. Dieser Spalte, mit den oben genannten Eigenschaften, erf\u00fcllt  das Zwck mehrere Operatoren... <\/p><a href=\"http:\/\/elektro-mont.hr\/de\/fm-37\/\" class=\"link-more\">MEHR<\/a><\/div><div class=\"slide\"><h3>Mascinelle Bearbeitung<\/h3><p>Mascinelle Bearbeitung ist ein Teil unserer Dienstleistung, die in ein modernes und umfassendes Angebot gewachsen ist.<\/p><a href=\"http:\/\/elektro-mont.hr\/de\/dienstleistung\/mascinelle-bearbeitung\/\" class=\"link-more\">MEHR<\/a><\/div>\r\n        <\/div>\r\n    <\/div>\r\n    <script language=\"javascript\" type=\"text\/javascript\">\r\n       jQuery(document).ready(function($){\r\n            jQuery(\"#text_slider409\").slides({\r\n                effect: \"fade\",\r\n                fadeSpeed: 100,\r\n                play: 10000,\r\n                pause: 10000,\r\n                hoverPause: true,\r\n                autoHeight: true\r\n                });\r\n        });\r\n    <\/script>\r\n    <!--\/ text slider --><\/div><\/div><div class=\"col col_1_5 \"><div class=\"inner\"><div class=\"wp-caption alignnone\"><a href=\"http:\/\/elektro-mont.hr\/de\/telekommunikation\/\" target=\"_self\"><img src=\"http:\/\/elektro-mont.hr\/hr\/wp-content\/uploads\/Home_1.jpg\" alt=\"Telekommunikation\" width=\"158\" height=\"126\" ><\/a><p class=\"wp-caption-text\">Telekommunikation<\/p><\/div><\/div><\/div><div class=\"col col_1_5 \"><div class=\"inner\"><div class=\"wp-caption alignnone\"><a href=\"http:\/\/elektro-mont.hr\/de\/dienstleistung\/mascinelle-bearbeitung\/\" target=\"_self\"><img src=\"http:\/\/elektro-mont.hr\/hr\/wp-content\/uploads\/Home_2.jpg\" alt=\"Mascinelle Bearbeitung\" width=\"158\" height=\"126\" ><\/a><p class=\"wp-caption-text\">Mascinelle Bearbeitung<\/p><\/div><\/div><\/div><div class=\"col col_1_5 \"><div class=\"inner\"><div class=\"wp-caption alignnone\"><a href=\"http:\/\/elektro-mont.hr\/de\/dienstleistung\/bauwirtschaft\/\" target=\"_self\"><img src=\"http:\/\/elektro-mont.hr\/hr\/wp-content\/uploads\/Home_3.jpg\" alt=\"Bauwirtschaft\" width=\"158\" height=\"126\" ><\/a><p class=\"wp-caption-text\">Bauwirtschaft<\/p><\/div><\/div><\/div><\/div><div class=\"clear\"><\/div><!-- 2\/5 + 3 x 1\/5 columns --><div class=\"divider_space\"><\/div><!-- latest news line --><div class=\"newsline\"><h2><a href=\"http:\/\/twitter.com\/#!\/ElektroMont\" onmouseover=\"this.style.color = '#fff'\">Aktuelle<\/a><\/h2><ul id=\"twitterlist71\" class=\"jcarousel-skin-newsline\"><\/ul><\/div><script type=\"text\/javascript\">\r\n    jQuery(document).ready(function($) {\r\n        jQuery(\"#twitterlist71\").jcarousel({\r\n            vertical: true,\r\n            scroll: 1,\r\n            animation: 300,\r\n            auto: 5, \/\/ Time interval in sec.\r\n            wrap: \"circular\",\r\n            initCallback: mycarousel_initCallback\r\n        });\r\n    });\r\n    <\/script>\r\n<!--\/ latest news line --><div class=\"divider_space\"><\/div><!--  postlist \/ 1 article --><div class=\"postlist\"><\/div><!--\/  postlist \/ 1 article -->\r\n<div class=\"row\"><div class=\"col col_3_5 \"><div class=\"inner\">\r\n<h3>Antennenspalte FM 37:<\/h3>\r\n<div class=\"quoteBox\"><div class=\"inner\"><div class=\"quote-text\"><strong>Antennenspalte FM 37<\/strong>mit den oben genannten Eigenschaften, erf\u00fcllt  das Zwck mehrere Operatoren mit den notwendigen Reservefelder. Die Ergebnisse sind verschiedene Konfigurationen von Antennen, die Anzahl und Art der Antenne, je nach aktuellen und zuk\u00fcnftigen Bed\u00fcrfnisse  und m\u00f6glicherweise k\u00fcnftigen Betreiber.\r\nSo kann Typ Antennenmast verwendet werden als eine Einheit (ohne Modifizierung und Verarbeitung) an verschiedenen Stellen und f\u00fcr mehrere Operatoren.<\/div><div class=\"quote-author\">TELE-PROJEKT d.o.o.<\/div><\/div><\/div><\/div><\/div><div class=\"col col_2_5 \"><div class=\"inner\">\n    <div class=\"widget-container newsletter_subscription_box newsletterBox\">\n    <div class=\"inner\">\n        <h3>Melden Sie sich f\u00fcr den Newsletter:<\/h3>\n\n        <div class=\"newsletter_subscription_messages before-text\">\n\n            <div class=\"newsletter_subscription_message_success\">Thank you for your subscription.<\/div>\n            <div class=\"newsletter_subscription_message_wrong_email\">Your email format is wrong!<\/div>\n            <div class=\"newsletter_subscription_message_failed\">Sad, but we couldn't add you to our mailing list ATM.<\/div>\n        <\/div>\n\n        <form action=\"#\" method=\"post\" class=\"newsletter_subscription_form\">\n            <label>Geben Sie einfach Ihre E-Mail-Adresse:<\/label><br>\n            <input type=\"text\" value=\"\" name=\"newsletter\" class=\"newsletter_subscription_email inputField\" \/>\n            <input type=\"submit\" value=\"ANMELDUNG\" class=\"btn-arrow newsletter_subscription_submit\" \/><div class=\"clear\"><\/div><\/form><div class=\"newsletter_subscription_ajax\">Loading...<\/div><\/div><\/div><\/div><\/div>\r\n<\/div>","protected":false},"excerpt":{"rendered":"","protected":false},"author":1,"featured_media":0,"parent":0,"menu_order":0,"comment_status":"open","ping_status":"open","template":"","meta":[],"_links":{"self":[{"href":"http:\/\/elektro-mont.hr\/de\/wp-json\/wp\/v2\/pages\/10"}],"collection":[{"href":"http:\/\/elektro-mont.hr\/de\/wp-json\/wp\/v2\/pages"}],"about":[{"href":"http:\/\/elektro-mont.hr\/de\/wp-json\/wp\/v2\/types\/page"}],"author":[{"embeddable":true,"href":"http:\/\/elektro-mont.hr\/de\/wp-json\/wp\/v2\/users\/1"}],"replies":[{"embeddable":true,"href":"http:\/\/elektro-mont.hr\/de\/wp-json\/wp\/v2\/comments?post=10"}],"version-history":[{"count":17,"href":"http:\/\/elektro-mont.hr\/de\/wp-json\/wp\/v2\/pages\/10\/revisions"}],"predecessor-version":[{"id":115,"href":"http:\/\/elektro-mont.hr\/de\/wp-json\/wp\/v2\/pages\/10\/revisions\/115"}],"wp:attachment":[{"href":"http:\/\/elektro-mont.hr\/de\/wp-json\/wp\/v2\/media?parent=10"}],"curies":[{"name":"wp","href":"https:\/\/api.w.org\/{rel}","templated":true}]}}